{"id":2424,"date":"2007-04-12T04:10:28","date_gmt":"2007-04-12T04:10:28","guid":{"rendered":"https:\/\/luzenlapalabra.org\/?page_id=2424"},"modified":"2007-04-12T04:10:28","modified_gmt":"2007-04-12T04:10:28","slug":"about","status":"publish","type":"page","link":"https:\/\/luzenlapalabra.org\/?page_id=2424","title":{"rendered":"Prop\u00f3sito"},"content":{"rendered":"<p>En esta pagina publicar\u00e9 las notas y bosquejos de los estudios b\u00edblicos \u00a0y sermones que el Se\u00f1or\u00a0me permite ministrar en la iglesia y otros lugares.<\/p>\n<p>Vivimos en un mundo de oscuridad espiritual que inunda y asedia nuestro esp\u00edritu. \u00a0Estas tinieblas son las que llevan al hombre al tropiezo que termina con la condenaci\u00f3n \u00a0de su alma. Pero Jes\u00fas dijo: \u00a0\"yo soy la luz del mundo, \u00a0el que me sigue no andar\u00e1 en tinieblas.\" \u00a0\u00c9l es la palabra viviente que nos ilumina para que no caigamos en el hoyo.<\/p>\n<p>En el Salmo 119:105 dice: \"Lampara es a mis pies tu palabra, y lumbrera a mi camino.\"<\/p>\n<p><span class=\"Apple-style-span\">\u00a0<\/span><\/p>\n","protected":false},"excerpt":{"rendered":"<p>En esta pagina publicar\u00e9 las notas y bosquejos de los<\/p>\n","protected":false},"author":2,"featured_media":0,"parent":0,"menu_order":4,"comment_status":"open","ping_status":"open","template":"","meta":{"_seopress_robots_primary_cat":"","_seopress_titles_title":"","_seopress_titles_desc":"","_seopress_robots_index":"","_monsterinsights_skip_tracking":false,"_monsterinsights_sitenote_active":false,"_monsterinsights_sitenote_note":"","_monsterinsights_sitenote_category":0,"footnotes":""},"class_list":["post-2424","page","type-page","status-publish","hentry"],"aioseo_notices":[],"jetpack_sharing_enabled":true,"_links":{"self":[{"href":"https:\/\/luzenlapalabra.org\/index.php?rest_route=\/wp\/v2\/pages\/2424","targetHints":{"allow":["GET"]}}],"collection":[{"href":"https:\/\/luzenlapalabra.org\/index.php?rest_route=\/wp\/v2\/pages"}],"about":[{"href":"https:\/\/luzenlapalabra.org\/index.php?rest_route=\/wp\/v2\/types\/page"}],"author":[{"embeddable":true,"href":"https:\/\/luzenlapalabra.org\/index.php?rest_route=\/wp\/v2\/users\/2"}],"replies":[{"embeddable":true,"href":"https:\/\/luzenlapalabra.org\/index.php?rest_route=%2Fwp%2Fv2%2Fcomments&post=2424"}],"version-history":[{"count":0,"href":"https:\/\/luzenlapalabra.org\/index.php?rest_route=\/wp\/v2\/pages\/2424\/revisions"}],"wp:attachment":[{"href":"https:\/\/luzenlapalabra.org\/index.php?rest_route=%2Fwp%2Fv2%2Fmedia&parent=2424"}],"curies":[{"name":"wp","href":"https:\/\/api.w.org\/{rel}","templated":true}]}}