{"id":107,"date":"2008-12-31T00:51:44","date_gmt":"2008-12-31T00:51:44","guid":{"rendered":"http:\/\/logoslight.wordpress.com\/?page_id=107"},"modified":"2008-12-31T00:51:44","modified_gmt":"2008-12-31T00:51:44","slug":"estudios-biblicos","status":"publish","type":"page","link":"https:\/\/luzenlapalabra.org\/?page_id=107","title":{"rendered":"Estudios B\u00edblicos"},"content":{"rendered":"<p><strong><span style=\"text-decoration:underline;\">LOS NOMBRES DE DIOS<\/span><\/strong><\/p>\n<p>\u00bfQue importancia tiene un nombre? El nombre, sobre todo en los tiempos b\u00edblicos, dec\u00eda mucho acerca de el car\u00e1cter o personalidad de un individuo.<\/p>\n<p>Cuando llamamos a una persona por su nombre, tenemos un medio a trav\u00e9s del cual nos comunicamos y podemos conocerla. El nombre muchas veces hace una declaraci\u00f3n sobre el individuo. Por esto en los tiempos b\u00edblicos se le daba tanta importancia a los nombres de las personas.<\/p>\n<p>Al estudiar los nombres de Dios aprenderemos que en ellos se nos revela un poco mas de <span style=\"text-decoration:underline;\">la naturaleza de Dios.<\/span><\/p>\n<p><span style=\"text-decoration:underline;\"> <\/span><\/p>\n<p><strong>LOS NOMBRES DE DIOS<\/strong><\/p>\n<p>EL: DIOS (poderoso, fuerte prominente)<\/p>\n<p>ELOHIM: DIOS (plural) Gn. 1:1<\/p>\n<p>EL SHADDAI: DIOS TODOPODEROSO; Gn. 17:1<\/p>\n<p>ADONAI: SE\u00d1OR (plural, el singular es \u201cadon\u201d) Sal. 141:8<\/p>\n<p>JEHOV\u00c1: YaHWeH \u2013 YHWH (Ex. 3:13-14).<\/p>\n<p>JEHOV\u00c1-JIREH: JEHOV\u00c1 PROVEER\u00c1 ( Gn. 22:14).<\/p>\n<p>JEHOV\u00c1-ROPHE: JEHOV\u00c1 QUIEN SANA (Ex. 15:26).<\/p>\n<p>JEHOV\u00c1-NISSI: JEHOV\u00c1 NUESTRA BANDERA (Ex. 17:8-15).<\/p>\n<p>JEHOV\u00c1-SHALOM: JEHOV\u00c1 NUESTRA PAZ (Jue. 6:24).<\/p>\n<p>PASTOR: Sal. 23:1; 80:1<\/p>\n<p>JUEZ: Gn. 18:25<\/p>\n<p>JEHOV\u00c1-TSIDKENU: JEHOV\u00c1 JUSTICIA NUESTRA Jer. 23:6<\/p>\n<p>JEHOV\u00c1-SAMA: JEHOV\u00c1 EST\u00c1 ALL\u00cd; Ez. 48:35<\/p>\n<p>JEHOV\u00c1-SABAOT: JEHOV\u00c1\u00a0 DE LOS EJERCITOS; Sal. 46:7<\/p>\n<p>EL ELYON: DIOS ALT\u00cdSIMO (Sal. 18:13)<\/p>\n<p>CADOSH: SANTO (Is. 40:25).<\/p>\n<p><strong>EN EL NUEVO TESTAMENTO<\/strong><\/p>\n<p>KURIOS: SE\u00d1OR<\/p>\n<p>DESPOTES: SE\u00d1OR<\/p>\n<p>TEOS: DIOS<\/p>\n<p>TEOTES: DEIDAD (Col. 2:9).<\/p>\n<p>YO SOY: Juan 8:58<\/p>\n<p>VERBO: Juan 1:1<\/p>\n<p>JES\u00daS: JEHOV\u00c1 ES SALVACI\u00d3N<\/p>\n<p>CRISTO: heb. MES\u00cdAS; EL UNGIDO<\/p>\n<p>ALFA Y OMEGA: Ap. 1:8<\/p>\n","protected":false},"excerpt":{"rendered":"<p>LOS NOMBRES DE DIOS \u00bfQue importancia tiene un nombre? El<\/p>\n","protected":false},"author":1,"featured_media":0,"parent":0,"menu_order":2,"comment_status":"open","ping_status":"open","template":"","meta":{"_seopress_robots_primary_cat":"","_seopress_titles_title":"","_seopress_titles_desc":"","_seopress_robots_index":"","_monsterinsights_skip_tracking":false,"_monsterinsights_sitenote_active":false,"_monsterinsights_sitenote_note":"","_monsterinsights_sitenote_category":0,"footnotes":""},"class_list":["post-107","page","type-page","status-publish","hentry"],"aioseo_notices":[],"jetpack_sharing_enabled":true,"_links":{"self":[{"href":"https:\/\/luzenlapalabra.org\/index.php?rest_route=\/wp\/v2\/pages\/107","targetHints":{"allow":["GET"]}}],"collection":[{"href":"https:\/\/luzenlapalabra.org\/index.php?rest_route=\/wp\/v2\/pages"}],"about":[{"href":"https:\/\/luzenlapalabra.org\/index.php?rest_route=\/wp\/v2\/types\/page"}],"author":[{"embeddable":true,"href":"https:\/\/luzenlapalabra.org\/index.php?rest_route=\/wp\/v2\/users\/1"}],"replies":[{"embeddable":true,"href":"https:\/\/luzenlapalabra.org\/index.php?rest_route=%2Fwp%2Fv2%2Fcomments&post=107"}],"version-history":[{"count":0,"href":"https:\/\/luzenlapalabra.org\/index.php?rest_route=\/wp\/v2\/pages\/107\/revisions"}],"wp:attachment":[{"href":"https:\/\/luzenlapalabra.org\/index.php?rest_route=%2Fwp%2Fv2%2Fmedia&parent=107"}],"curies":[{"name":"wp","href":"https:\/\/api.w.org\/{rel}","templated":true}]}}